{"id":218,"date":"2020-04-13T11:18:52","date_gmt":"2020-04-13T11:18:52","guid":{"rendered":"http:\/\/www.fusioterapeutsandra.veeb.eu\/about\/"},"modified":"2026-02-09T12:27:04","modified_gmt":"2026-02-09T10:27:04","slug":"minust","status":"publish","type":"page","link":"https:\/\/fusioterapeutsandra.ee\/en\/minust\/","title":{"rendered":"About"},"content":{"rendered":"<div data-elementor-type=\"wp-page\" data-elementor-id=\"218\" class=\"elementor elementor-218\">\n\t\t\t\t\t\t<section class=\"elementor-section elementor-top-section elementor-element elementor-element-5131a13e elementor-section-boxed elementor-section-height-default elementor-section-height-default\" data-id=\"5131a13e\" data-element_type=\"section\" data-e-type=\"section\" data-settings=\"{&quot;background_background&quot;:&quot;classic&quot;}\">\n\t\t\t\t\t\t\t<div class=\"elementor-background-overlay\"><\/div>\n\t\t\t\t\t\t\t<div class=\"elementor-container elementor-column-gap-default\">\n\t\t\t\t\t<div class=\"elementor-column elementor-col-100 elementor-top-column elementor-element elementor-element-1053ca7a\" data-id=\"1053ca7a\" data-element_type=\"column\" data-e-type=\"column\">\n\t\t\t<div class=\"elementor-widget-wrap elementor-element-populated\">\n\t\t\t\t\t\t<div class=\"elementor-element elementor-element-3d99e122 elementor-widget elementor-widget-heading\" data-id=\"3d99e122\" data-element_type=\"widget\" data-e-type=\"widget\" data-widget_type=\"heading.default\">\n\t\t\t\t<div class=\"elementor-widget-container\">\n\t\t\t\t\t<h1 class=\"elementor-heading-title elementor-size-default\">About<\/h1>\t\t\t\t<\/div>\n\t\t\t\t<\/div>\n\t\t\t\t\t<\/div>\n\t\t<\/div>\n\t\t\t\t\t<\/div>\n\t\t<\/section>\n\t\t\t\t<section class=\"elementor-section elementor-top-section elementor-element elementor-element-40177ae0 elementor-section-boxed elementor-section-height-default elementor-section-height-default\" data-id=\"40177ae0\" data-element_type=\"section\" data-e-type=\"section\">\n\t\t\t\t\t\t<div class=\"elementor-container elementor-column-gap-no\">\n\t\t\t\t\t<div class=\"elementor-column elementor-col-50 elementor-top-column elementor-element elementor-element-2828f573\" data-id=\"2828f573\" data-element_type=\"column\" data-e-type=\"column\">\n\t\t\t<div class=\"elementor-widget-wrap elementor-element-populated\">\n\t\t\t\t\t\t<div class=\"elementor-element elementor-element-d2d6c63 elementor-widget elementor-widget-image\" data-id=\"d2d6c63\" data-element_type=\"widget\" data-e-type=\"widget\" data-widget_type=\"image.default\">\n\t\t\t\t<div class=\"elementor-widget-container\">\n\t\t\t\t\t\t\t\t\t\t\t\t\t\t\t<img fetchpriority=\"high\" decoding=\"async\" width=\"614\" height=\"920\" src=\"https:\/\/fusioterapeutsandra.ee\/wp-content\/uploads\/2020\/11\/IMG_8438.jpg\" class=\"attachment-large size-large wp-image-412\" alt=\"\" srcset=\"https:\/\/fusioterapeutsandra.ee\/wp-content\/uploads\/2020\/11\/IMG_8438.jpg 614w, https:\/\/fusioterapeutsandra.ee\/wp-content\/uploads\/2020\/11\/IMG_8438-200x300.jpg 200w\" sizes=\"(max-width: 614px) 100vw, 614px\" \/>\t\t\t\t\t\t\t\t\t\t\t\t\t\t\t<\/div>\n\t\t\t\t<\/div>\n\t\t\t\t\t<\/div>\n\t\t<\/div>\n\t\t\t\t<div class=\"elementor-column elementor-col-50 elementor-top-column elementor-element elementor-element-48096891\" data-id=\"48096891\" data-element_type=\"column\" data-e-type=\"column\">\n\t\t\t<div class=\"elementor-widget-wrap elementor-element-populated\">\n\t\t\t\t\t\t<div class=\"elementor-element elementor-element-e56ab06 elementor-widget elementor-widget-text-editor\" data-id=\"e56ab06\" data-element_type=\"widget\" data-e-type=\"widget\" data-widget_type=\"text-editor.default\">\n\t\t\t\t<div class=\"elementor-widget-container\">\n\t\t\t\t\t\t\t\t\t<ul><li>\u00a02012 finished my physiotherapy studies at Tartu University. Topic of my bachelors thesis was \"The conservative and operative treatment of adolescent idiopathic scoliosis\". <strong>\"Conservative and operative treatment of adolescent idiopathic scoliosis.\"<\/strong><\/li><li>From 2012 to 2015 worked at <strong>North Estonia Regional Hospital<\/strong> Mustam\u00e4e district, where my main focus was on orthopaedic patients.<\/li><li>From 2015 to 2018 physiotherapist <strong>at Adeli Rehabilitation Centre<\/strong>.<\/li><li>Since 2017\u00a0<a style=\"font-size: 16px; background-color: #ffffff;\" href=\"http:\/\/www.sportomedica.ee\"><b>Sportomedica<\/b><\/a><span style=\"font-size: 16px;\"> (former Artrosport Clinic).<\/span><\/li><li><span style=\"font-size: 16px;\">Alates 2015 s\u00fcgisest teen individuaalseid eravastuv\u00f5tte Tallinna kesklinnas,\u00a0<span style=\"font-weight: bold; font-size: 16px; font-style: normal;\">Koidu 70<\/span><span style=\"font-size: 16px; font-style: normal; font-weight: 400;\">\u00a0hubastes ruumides.\u00a0<\/span><br \/><\/span><\/li><li><span style=\"font-size: 16px;\"><span style=\"font-size: 16px; font-style: normal; font-weight: 400;\">2016 graduated BSPTS (<\/span><span style=\"font-size: 16px; font-style: normal;\"><b>Barcelona Scoliosis Physical Therapy School)<\/b><\/span><span style=\"font-size: 16px; font-style: normal; font-weight: 400;\"><strong> C1<\/strong> and 2021 <strong>C2<\/strong> level<\/span><\/span><\/li><li>I am a member of <a href=\"http:\/\/www.efl.ee\">Estonia Physiotherapy Association<\/a> liige alates 2016. a ning teen teinud intensiivselt koost\u00f6\u00f6d <a href=\"http:\/\/www.skolioosiselts.ee\" target=\"_blank\" rel=\"noopener\"><strong>Scoliosis Society Katharina<\/strong><\/a>\u00a0alates 2018, korraldades lastelaagreid ja grupitunde. Alates 2024 olen ka Skolioosiseltsi juhatuses.<\/li><li><strong><a href=\"https:\/\/www.isstschrothmethod.com\/\">ISST Schroth<\/a> v\u00e4lja\u00f5ppega terapeut<\/strong> alates veebruar 2026.<\/li><\/ul><blockquote><p><strong>I mainly focus on adults with orthopaedic problems and since 2016 specialize in adolescent idiopathic scoliosis using the Schroth method. My interest in the topic of scoliosis comes from personal experience.<\/strong><\/p><\/blockquote>\t\t\t\t\t\t\t\t<\/div>\n\t\t\t\t<\/div>\n\t\t\t\t<div class=\"elementor-element elementor-element-41a203d elementor-widget elementor-widget-text-editor\" data-id=\"41a203d\" data-element_type=\"widget\" data-e-type=\"widget\" data-widget_type=\"text-editor.default\">\n\t\t\t\t<div class=\"elementor-widget-container\">\n\t\t\t\t\t\t\t\t\t<p><strong>See you!<\/strong><\/p>\t\t\t\t\t\t\t\t<\/div>\n\t\t\t\t<\/div>\n\t\t\t\t<section class=\"elementor-section elementor-inner-section elementor-element elementor-element-ca680cc elementor-section-boxed elementor-section-height-default elementor-section-height-default\" data-id=\"ca680cc\" data-element_type=\"section\" data-e-type=\"section\">\n\t\t\t\t\t\t<div class=\"elementor-container elementor-column-gap-default\">\n\t\t\t\t\t<div class=\"elementor-column elementor-col-50 elementor-inner-column elementor-element elementor-element-9bdad36\" data-id=\"9bdad36\" data-element_type=\"column\" data-e-type=\"column\">\n\t\t\t<div class=\"elementor-widget-wrap\">\n\t\t\t\t\t\t\t<\/div>\n\t\t<\/div>\n\t\t\t\t<div class=\"elementor-column elementor-col-50 elementor-inner-column elementor-element elementor-element-21fad8e\" data-id=\"21fad8e\" data-element_type=\"column\" data-e-type=\"column\">\n\t\t\t<div class=\"elementor-widget-wrap elementor-element-populated\">\n\t\t\t\t\t\t<div class=\"elementor-element elementor-element-dd6b5d4 elementor-widget elementor-widget-image\" data-id=\"dd6b5d4\" data-element_type=\"widget\" data-e-type=\"widget\" data-widget_type=\"image.default\">\n\t\t\t\t<div class=\"elementor-widget-container\">\n\t\t\t\t\t\t\t\t\t\t\t\t\t\t\t<img decoding=\"async\" width=\"300\" height=\"162\" src=\"https:\/\/fusioterapeutsandra.ee\/wp-content\/uploads\/2021\/12\/Sandra-1-300x162.png\" class=\"attachment-medium size-medium wp-image-1284\" alt=\"Allkiri\" srcset=\"https:\/\/fusioterapeutsandra.ee\/wp-content\/uploads\/2021\/12\/Sandra-1-300x162.png 300w, https:\/\/fusioterapeutsandra.ee\/wp-content\/uploads\/2021\/12\/Sandra-1-18x10.png 18w, https:\/\/fusioterapeutsandra.ee\/wp-content\/uploads\/2021\/12\/Sandra-1.png 421w\" sizes=\"(max-width: 300px) 100vw, 300px\" \/>\t\t\t\t\t\t\t\t\t\t\t\t\t\t\t<\/div>\n\t\t\t\t<\/div>\n\t\t\t\t\t<\/div>\n\t\t<\/div>\n\t\t\t\t\t<\/div>\n\t\t<\/section>\n\t\t\t\t\t<\/div>\n\t\t<\/div>\n\t\t\t\t\t<\/div>\n\t\t<\/section>\n\t\t\t\t<\/div>","protected":false},"excerpt":{"rendered":"<p>Minust \u00a02012 l\u00f5petasin Tartu \u00dclikooli bakalaureuse\u00f5ppe f\u00fcsioteraapia erialal.\u00a0Bakalaureuset\u00f6\u00f6 teemaks oli: \u201eNoorukiea idiopaatilise skolioosi konservatiivne ja operatiivne ravi\u201c. 2012-2015 t\u00f6\u00f6tasin P\u00f5hja-Eesti Regionaalhaigla Mustam\u00e4e korpuses, kus minu p\u00f5hir\u00f5hk oli ortopeedilistel patsientidel. 2015-2018 juuli f\u00fcsioterapeut Adeli Rehabilitatsioonikeskuses. Alates 2017\u00a0Sportomedicas (vana nimega Artrosport Kliinik). Alates 2015 s\u00fcgisest teen individuaalseid eravastuv\u00f5tte Tallinna kesklinnas,\u00a0Koidu 70\u00a0hubastes ruumides.\u00a0 L\u00f5petanud 2016 BSPTS (Barcelona Scoliosis &hellip;<\/p>\n<p class=\"read-more\"> <a class=\"\" href=\"https:\/\/fusioterapeutsandra.ee\/en\/minust\/\"> <span class=\"screen-reader-text\">About<\/span> Read More &raquo;<\/a><\/p>","protected":false},"author":1,"featured_media":0,"parent":0,"menu_order":0,"comment_status":"closed","ping_status":"closed","template":"","meta":{"site-sidebar-layout":"no-sidebar","site-content-layout":"page-builder","ast-main-header-display":"","ast-hfb-above-header-display":"","ast-hfb-below-header-display":"","ast-hfb-mobile-header-display":"","site-post-title":"disabled","ast-breadcrumbs-content":"","ast-featured-img":"","footer-sml-layout":"","theme-transparent-header-meta":"enabled","adv-header-id-meta":"","stick-header-meta":"","header-above-stick-meta":"","header-main-stick-meta":"","header-below-stick-meta":"","footnotes":""},"class_list":["post-218","page","type-page","status-publish","hentry"],"yoast_head":"<!-- This site is optimized with the Yoast SEO plugin v27.4 - https:\/\/yoast.com\/product\/yoast-seo-wordpress\/ -->\n<title>Minust &#8226; F\u00fcsioterapeut Sandra Joa<\/title>\n<meta name=\"description\" content=\"L\u00f5petasin Tartu \u00dclikooli 2012. Skolioosile hakkasin spetsialiseeruma alates 2016. aastast peale Barcelonas dr Rigo koolitusel k\u00e4imist.\" \/>\n<meta name=\"robots\" content=\"index, follow, max-snippet:-1, max-image-preview:large, max-video-preview:-1\" \/>\n<link rel=\"canonical\" href=\"https:\/\/fusioterapeutsandra.ee\/en\/minust\/\" \/>\n<meta property=\"og:locale\" content=\"en_US\" \/>\n<meta property=\"og:type\" content=\"article\" \/>\n<meta property=\"og:title\" content=\"Minust &#8226; F\u00fcsioterapeut Sandra Joa\" \/>\n<meta property=\"og:description\" content=\"L\u00f5petasin Tartu \u00dclikooli 2012. Skolioosile hakkasin spetsialiseeruma alates 2016. aastast peale Barcelonas dr Rigo koolitusel k\u00e4imist.\" \/>\n<meta property=\"og:url\" content=\"https:\/\/fusioterapeutsandra.ee\/en\/minust\/\" \/>\n<meta property=\"og:site_name\" content=\"F\u00fcsioterapeut Sandra Joa\" \/>\n<meta property=\"article:modified_time\" content=\"2026-02-09T10:27:04+00:00\" \/>\n<meta property=\"og:image\" content=\"http:\/\/www.fusioterapeutsandra.ee\/wp-content\/uploads\/2020\/11\/IMG_8438.jpg\" \/>\n<meta name=\"twitter:card\" content=\"summary_large_image\" \/>\n<meta name=\"twitter:label1\" content=\"Est. reading time\" \/>\n\t<meta name=\"twitter:data1\" content=\"1 minute\" \/>\n<script type=\"application\/ld+json\" class=\"yoast-schema-graph\">{\"@context\":\"https:\\\/\\\/schema.org\",\"@graph\":[{\"@type\":\"WebPage\",\"@id\":\"https:\\\/\\\/fusioterapeutsandra.ee\\\/minust\\\/\",\"url\":\"https:\\\/\\\/fusioterapeutsandra.ee\\\/minust\\\/\",\"name\":\"Minust &#8226; F\u00fcsioterapeut Sandra Joa\",\"isPartOf\":{\"@id\":\"https:\\\/\\\/www.fusioterapeutsandra.ee\\\/#website\"},\"primaryImageOfPage\":{\"@id\":\"https:\\\/\\\/fusioterapeutsandra.ee\\\/minust\\\/#primaryimage\"},\"image\":{\"@id\":\"https:\\\/\\\/fusioterapeutsandra.ee\\\/minust\\\/#primaryimage\"},\"thumbnailUrl\":\"http:\\\/\\\/www.fusioterapeutsandra.ee\\\/wp-content\\\/uploads\\\/2020\\\/11\\\/IMG_8438.jpg\",\"datePublished\":\"2020-04-13T11:18:52+00:00\",\"dateModified\":\"2026-02-09T10:27:04+00:00\",\"description\":\"L\u00f5petasin Tartu \u00dclikooli 2012. Skolioosile hakkasin spetsialiseeruma alates 2016. aastast peale Barcelonas dr Rigo koolitusel k\u00e4imist.\",\"breadcrumb\":{\"@id\":\"https:\\\/\\\/fusioterapeutsandra.ee\\\/minust\\\/#breadcrumb\"},\"inLanguage\":\"en-US\",\"potentialAction\":[{\"@type\":\"ReadAction\",\"target\":[\"https:\\\/\\\/fusioterapeutsandra.ee\\\/minust\\\/\"]}]},{\"@type\":\"ImageObject\",\"inLanguage\":\"en-US\",\"@id\":\"https:\\\/\\\/fusioterapeutsandra.ee\\\/minust\\\/#primaryimage\",\"url\":\"http:\\\/\\\/www.fusioterapeutsandra.ee\\\/wp-content\\\/uploads\\\/2020\\\/11\\\/IMG_8438.jpg\",\"contentUrl\":\"http:\\\/\\\/www.fusioterapeutsandra.ee\\\/wp-content\\\/uploads\\\/2020\\\/11\\\/IMG_8438.jpg\"},{\"@type\":\"BreadcrumbList\",\"@id\":\"https:\\\/\\\/fusioterapeutsandra.ee\\\/minust\\\/#breadcrumb\",\"itemListElement\":[{\"@type\":\"ListItem\",\"position\":1,\"name\":\"Home\",\"item\":\"https:\\\/\\\/fusioterapeutsandra.ee\\\/\"},{\"@type\":\"ListItem\",\"position\":2,\"name\":\"Minust\"}]},{\"@type\":\"WebSite\",\"@id\":\"https:\\\/\\\/www.fusioterapeutsandra.ee\\\/#website\",\"url\":\"https:\\\/\\\/www.fusioterapeutsandra.ee\\\/\",\"name\":\"F\u00fcsioterapeut Sandra Joa\",\"description\":\"Individuaalne f\u00fcsioteraapia. Skolioosispetsiifiline ravi. Kinesioteipimine. iWalk2.0 rent\",\"publisher\":{\"@id\":\"https:\\\/\\\/www.fusioterapeutsandra.ee\\\/#organization\"},\"potentialAction\":[{\"@type\":\"SearchAction\",\"target\":{\"@type\":\"EntryPoint\",\"urlTemplate\":\"https:\\\/\\\/www.fusioterapeutsandra.ee\\\/?s={search_term_string}\"},\"query-input\":{\"@type\":\"PropertyValueSpecification\",\"valueRequired\":true,\"valueName\":\"search_term_string\"}}],\"inLanguage\":\"en-US\"},{\"@type\":\"Organization\",\"@id\":\"https:\\\/\\\/www.fusioterapeutsandra.ee\\\/#organization\",\"name\":\"F\u00fcsioterapeut Sandra Joa\",\"url\":\"https:\\\/\\\/www.fusioterapeutsandra.ee\\\/\",\"logo\":{\"@type\":\"ImageObject\",\"inLanguage\":\"en-US\",\"@id\":\"https:\\\/\\\/www.fusioterapeutsandra.ee\\\/#\\\/schema\\\/logo\\\/image\\\/\",\"url\":\"https:\\\/\\\/www.fusioterapeutsandra.ee\\\/wp-content\\\/uploads\\\/2020\\\/10\\\/sandra-logo.png\",\"contentUrl\":\"https:\\\/\\\/www.fusioterapeutsandra.ee\\\/wp-content\\\/uploads\\\/2020\\\/10\\\/sandra-logo.png\",\"width\":1926,\"height\":1926,\"caption\":\"F\u00fcsioterapeut Sandra Joa\"},\"image\":{\"@id\":\"https:\\\/\\\/www.fusioterapeutsandra.ee\\\/#\\\/schema\\\/logo\\\/image\\\/\"}}]}<\/script>\n<!-- \/ Yoast SEO plugin. -->","yoast_head_json":{"title":"Minust &#8226; F\u00fcsioterapeut Sandra Joa","description":"L\u00f5petasin Tartu \u00dclikooli 2012. Skolioosile hakkasin spetsialiseeruma alates 2016. aastast peale Barcelonas dr Rigo koolitusel k\u00e4imist.","robots":{"index":"index","follow":"follow","max-snippet":"max-snippet:-1","max-image-preview":"max-image-preview:large","max-video-preview":"max-video-preview:-1"},"canonical":"https:\/\/fusioterapeutsandra.ee\/en\/minust\/","og_locale":"en_US","og_type":"article","og_title":"Minust &#8226; F\u00fcsioterapeut Sandra Joa","og_description":"L\u00f5petasin Tartu \u00dclikooli 2012. Skolioosile hakkasin spetsialiseeruma alates 2016. aastast peale Barcelonas dr Rigo koolitusel k\u00e4imist.","og_url":"https:\/\/fusioterapeutsandra.ee\/en\/minust\/","og_site_name":"F\u00fcsioterapeut Sandra Joa","article_modified_time":"2026-02-09T10:27:04+00:00","og_image":[{"url":"http:\/\/www.fusioterapeutsandra.ee\/wp-content\/uploads\/2020\/11\/IMG_8438.jpg","type":"","width":"","height":""}],"twitter_card":"summary_large_image","twitter_misc":{"Est. reading time":"1 minute"},"schema":{"@context":"https:\/\/schema.org","@graph":[{"@type":"WebPage","@id":"https:\/\/fusioterapeutsandra.ee\/minust\/","url":"https:\/\/fusioterapeutsandra.ee\/minust\/","name":"Minust &#8226; F\u00fcsioterapeut Sandra Joa","isPartOf":{"@id":"https:\/\/www.fusioterapeutsandra.ee\/#website"},"primaryImageOfPage":{"@id":"https:\/\/fusioterapeutsandra.ee\/minust\/#primaryimage"},"image":{"@id":"https:\/\/fusioterapeutsandra.ee\/minust\/#primaryimage"},"thumbnailUrl":"http:\/\/www.fusioterapeutsandra.ee\/wp-content\/uploads\/2020\/11\/IMG_8438.jpg","datePublished":"2020-04-13T11:18:52+00:00","dateModified":"2026-02-09T10:27:04+00:00","description":"L\u00f5petasin Tartu \u00dclikooli 2012. Skolioosile hakkasin spetsialiseeruma alates 2016. aastast peale Barcelonas dr Rigo koolitusel k\u00e4imist.","breadcrumb":{"@id":"https:\/\/fusioterapeutsandra.ee\/minust\/#breadcrumb"},"inLanguage":"en-US","potentialAction":[{"@type":"ReadAction","target":["https:\/\/fusioterapeutsandra.ee\/minust\/"]}]},{"@type":"ImageObject","inLanguage":"en-US","@id":"https:\/\/fusioterapeutsandra.ee\/minust\/#primaryimage","url":"http:\/\/www.fusioterapeutsandra.ee\/wp-content\/uploads\/2020\/11\/IMG_8438.jpg","contentUrl":"http:\/\/www.fusioterapeutsandra.ee\/wp-content\/uploads\/2020\/11\/IMG_8438.jpg"},{"@type":"BreadcrumbList","@id":"https:\/\/fusioterapeutsandra.ee\/minust\/#breadcrumb","itemListElement":[{"@type":"ListItem","position":1,"name":"Home","item":"https:\/\/fusioterapeutsandra.ee\/"},{"@type":"ListItem","position":2,"name":"Minust"}]},{"@type":"WebSite","@id":"https:\/\/www.fusioterapeutsandra.ee\/#website","url":"https:\/\/www.fusioterapeutsandra.ee\/","name":"Physiotherapist Sandra Joa","description":"Individuaalne f\u00fcsioteraapia. Skolioosispetsiifiline ravi. Kinesioteipimine. iWalk2.0 rent","publisher":{"@id":"https:\/\/www.fusioterapeutsandra.ee\/#organization"},"potentialAction":[{"@type":"SearchAction","target":{"@type":"EntryPoint","urlTemplate":"https:\/\/www.fusioterapeutsandra.ee\/?s={search_term_string}"},"query-input":{"@type":"PropertyValueSpecification","valueRequired":true,"valueName":"search_term_string"}}],"inLanguage":"en-US"},{"@type":"Organization","@id":"https:\/\/www.fusioterapeutsandra.ee\/#organization","name":"Physiotherapist Sandra Joa","url":"https:\/\/www.fusioterapeutsandra.ee\/","logo":{"@type":"ImageObject","inLanguage":"en-US","@id":"https:\/\/www.fusioterapeutsandra.ee\/#\/schema\/logo\/image\/","url":"https:\/\/www.fusioterapeutsandra.ee\/wp-content\/uploads\/2020\/10\/sandra-logo.png","contentUrl":"https:\/\/www.fusioterapeutsandra.ee\/wp-content\/uploads\/2020\/10\/sandra-logo.png","width":1926,"height":1926,"caption":"F\u00fcsioterapeut Sandra Joa"},"image":{"@id":"https:\/\/www.fusioterapeutsandra.ee\/#\/schema\/logo\/image\/"}}]}},"_links":{"self":[{"href":"https:\/\/fusioterapeutsandra.ee\/en\/wp-json\/wp\/v2\/pages\/218","targetHints":{"allow":["GET"]}}],"collection":[{"href":"https:\/\/fusioterapeutsandra.ee\/en\/wp-json\/wp\/v2\/pages"}],"about":[{"href":"https:\/\/fusioterapeutsandra.ee\/en\/wp-json\/wp\/v2\/types\/page"}],"author":[{"embeddable":true,"href":"https:\/\/fusioterapeutsandra.ee\/en\/wp-json\/wp\/v2\/users\/1"}],"replies":[{"embeddable":true,"href":"https:\/\/fusioterapeutsandra.ee\/en\/wp-json\/wp\/v2\/comments?post=218"}],"version-history":[{"count":5,"href":"https:\/\/fusioterapeutsandra.ee\/en\/wp-json\/wp\/v2\/pages\/218\/revisions"}],"predecessor-version":[{"id":1896,"href":"https:\/\/fusioterapeutsandra.ee\/en\/wp-json\/wp\/v2\/pages\/218\/revisions\/1896"}],"wp:attachment":[{"href":"https:\/\/fusioterapeutsandra.ee\/en\/wp-json\/wp\/v2\/media?parent=218"}],"curies":[{"name":"wp","href":"https:\/\/api.w.org\/{rel}","templated":true}]}}