{"id":1121,"date":"2021-09-27T12:36:48","date_gmt":"2021-09-27T09:36:48","guid":{"rendered":"http:\/\/www.fusioterapeutsandra.ee\/?page_id=1121"},"modified":"2024-09-19T12:31:07","modified_gmt":"2024-09-19T09:31:07","slug":"tingimused","status":"publish","type":"page","link":"https:\/\/fusioterapeutsandra.ee\/en\/tingimused\/","title":{"rendered":"Conditions"},"content":{"rendered":"<p><strong>Conditions<\/strong><\/p>\n\n\n\n<p><strong>Applied since 27.09.2021<\/strong><\/p>\n\n\n\n<p><strong>Agreement signing:<\/strong><\/p>\n\n\n\n<p>1.1 Registreerumine teenusele toimub telefoni (+372 503 7356), e-maili (fysioterapeutsandra@gmail.com) teel v\u00f5i kohapeal (Koidu 70, Tallinn).<\/p>\n\n\n\n<p>1.2 When Client is registered for the service, an oral or written agreement between the Provider (Sandra O\u00dc) and Client is signed. Client has the right to get the service at the registered time, if the providing of the service is possible and there are no restricting circumstances;<\/p>\n\n\n\n<p>1.3 The agreement contract for providing the service includes this general agreement and the oral or written agreement between the Client and Provider<\/p>\n\n\n\n<p><strong>By registering to the service the Client agrees to follow the rules for providing the service:<\/strong><\/p>\n\n\n\n<p>2.1 Client is obligated to pay for the service price accordance with the price list established by the Provider <a href=\"https:\/\/fusioterapeutsandra.ee\/en\/teenused\/\" target=\"_blank\" rel=\"noreferrer noopener\">hinnakirjale<\/a>.<\/p>\n\n\n\n<p>2.2 The Client is responsible for the respective health condition for the service.&nbsp;<\/p>\n\n\n\n<p>2.3 The Provider is allowed to ask for advance payment. Provider is allowed to change the price list. When price list is changed, the Client is charged the price applied when registering to the service.&nbsp;<\/p>\n\n\n\n<p>2.4 If Client does not show up to the service and does not cancel the appointment later than <strong>24 hours<\/strong> prior to the registered time, the Client is obliged to pay <strong>50% of the price list for the service<\/strong>. The sooner the Client cancels, more likely can the Provider help an another client in the same appointment. If the Client is late 15 minutes, the time for the service is decreased by it and full price is still to be paid. Being late for more than 15 minutes, the Provider has the right to cancel the appointment and full payment is still needed. In case the Client does not pay on time, the Provider has the right to ask 0.1% interest per day for every day delayed until the full amount is paid. The Provider has the right to assign claims against the Client to a company providing collection services.<\/p>\n\n\n\n<p>2.5 The Provider has the right to refuse to provide services to the Client, including registration for the provision of services, if the Client has not paid the prescribed amounts, ie the Client is indebted to the service provider or the provision of the service is in conflict with the general terms and conditions of the contract or there are other circumstances provided by legislation.<\/p>\n\n\n\n<p><strong>Isikuandmete t\u00f6\u00f6tlemine:<\/strong><\/p>\n\n\n\n<p>3.1 The Provider processes and stores the personal data of the Clients only for the specified purposes on the basis of the applicable law.<\/p>\n\n\n\n<p><strong>Complaints:<\/strong><\/p>\n\n\n\n<p>4.1 If a disagreement arises between the Client and the Provider regarding the provision of the service, it shall be resolved through negotiations and without the involvement of third parties. If an agreement cannot be reached, the dispute shall be settled in Tallinn, Harju County Court, on the basis of the law of the Republic of Estonia.<\/p>","protected":false},"excerpt":{"rendered":"<p>Tingimused Kehtivad alates 27.09.2021 Lepingu s\u00f5lmimine: 1.1 Registreerumine teenusele toimub telefoni (+372 503 7356), e-maili (fysioterapeutsandra@gmail.com) teel v\u00f5i kohapeal (Koidu 70, Tallinn). 1.2 Kliendi registreerimisel teenuse osutamiseks loetakse Asutuse (Sandra O\u00dc) ja Kliendi vahel s\u00f5lmituks teenuse osutamise suuline v\u00f5i kirjalik leping. Teenuse osutamise lepingu alusel on Kliendil \u00f5igus saada teenust registreeritud ajal, kui teenuse osutamine &hellip;<\/p>\n<p class=\"read-more\"> <a class=\"\" href=\"https:\/\/fusioterapeutsandra.ee\/en\/tingimused\/\"> <span class=\"screen-reader-text\">Conditions<\/span> Read More &raquo;<\/a><\/p>","protected":false},"author":1,"featured_media":0,"parent":0,"menu_order":0,"comment_status":"closed","ping_status":"closed","template":"","meta":{"site-sidebar-layout":"default","site-content-layout":"default","ast-main-header-display":"","ast-hfb-above-header-display":"","ast-hfb-below-header-display":"","ast-hfb-mobile-header-display":"","site-post-title":"","ast-breadcrumbs-content":"","ast-featured-img":"","footer-sml-layout":"","theme-transparent-header-meta":"default","adv-header-id-meta":"","stick-header-meta":"","header-above-stick-meta":"","header-main-stick-meta":"","header-below-stick-meta":"","footnotes":""},"class_list":["post-1121","page","type-page","status-publish","hentry"],"yoast_head":"<!-- This site is optimized with the Yoast SEO plugin v27.4 - https:\/\/yoast.com\/product\/yoast-seo-wordpress\/ -->\n<title>Tingimused &#8226; F\u00fcsioterapeut Sandra Joa<\/title>\n<meta name=\"robots\" content=\"index, follow, max-snippet:-1, max-image-preview:large, max-video-preview:-1\" \/>\n<link rel=\"canonical\" href=\"https:\/\/fusioterapeutsandra.ee\/en\/tingimused\/\" \/>\n<meta property=\"og:locale\" content=\"en_US\" \/>\n<meta property=\"og:type\" content=\"article\" \/>\n<meta property=\"og:title\" content=\"Tingimused &#8226; F\u00fcsioterapeut Sandra Joa\" \/>\n<meta property=\"og:description\" content=\"Tingimused Kehtivad alates 27.09.2021 Lepingu s\u00f5lmimine: 1.1 Registreerumine teenusele toimub telefoni (+372 503 7356), e-maili (fysioterapeutsandra@gmail.com) teel v\u00f5i kohapeal (Koidu 70, Tallinn). 1.2 Kliendi registreerimisel teenuse osutamiseks loetakse Asutuse (Sandra O\u00dc) ja Kliendi vahel s\u00f5lmituks teenuse osutamise suuline v\u00f5i kirjalik leping. Teenuse osutamise lepingu alusel on Kliendil \u00f5igus saada teenust registreeritud ajal, kui teenuse osutamine &hellip; Tingimused Read More &raquo;\" \/>\n<meta property=\"og:url\" content=\"https:\/\/fusioterapeutsandra.ee\/en\/tingimused\/\" \/>\n<meta property=\"og:site_name\" content=\"F\u00fcsioterapeut Sandra Joa\" \/>\n<meta property=\"article:modified_time\" content=\"2024-09-19T09:31:07+00:00\" \/>\n<meta name=\"twitter:card\" content=\"summary_large_image\" \/>\n<meta name=\"twitter:label1\" content=\"Est. reading time\" \/>\n\t<meta name=\"twitter:data1\" content=\"2 minutes\" \/>\n<script type=\"application\/ld+json\" class=\"yoast-schema-graph\">{\"@context\":\"https:\\\/\\\/schema.org\",\"@graph\":[{\"@type\":\"WebPage\",\"@id\":\"https:\\\/\\\/fusioterapeutsandra.ee\\\/en\\\/tingimused\\\/\",\"url\":\"https:\\\/\\\/fusioterapeutsandra.ee\\\/en\\\/tingimused\\\/\",\"name\":\"Tingimused &#8226; F\u00fcsioterapeut Sandra Joa\",\"isPartOf\":{\"@id\":\"https:\\\/\\\/www.fusioterapeutsandra.ee\\\/#website\"},\"datePublished\":\"2021-09-27T09:36:48+00:00\",\"dateModified\":\"2024-09-19T09:31:07+00:00\",\"breadcrumb\":{\"@id\":\"https:\\\/\\\/fusioterapeutsandra.ee\\\/en\\\/tingimused\\\/#breadcrumb\"},\"inLanguage\":\"en-US\",\"potentialAction\":[{\"@type\":\"ReadAction\",\"target\":[\"https:\\\/\\\/fusioterapeutsandra.ee\\\/en\\\/tingimused\\\/\"]}]},{\"@type\":\"BreadcrumbList\",\"@id\":\"https:\\\/\\\/fusioterapeutsandra.ee\\\/en\\\/tingimused\\\/#breadcrumb\",\"itemListElement\":[{\"@type\":\"ListItem\",\"position\":1,\"name\":\"Home\",\"item\":\"https:\\\/\\\/fusioterapeutsandra.ee\\\/\"},{\"@type\":\"ListItem\",\"position\":2,\"name\":\"Tingimused\"}]},{\"@type\":\"WebSite\",\"@id\":\"https:\\\/\\\/www.fusioterapeutsandra.ee\\\/#website\",\"url\":\"https:\\\/\\\/www.fusioterapeutsandra.ee\\\/\",\"name\":\"F\u00fcsioterapeut Sandra Joa\",\"description\":\"Individuaalne f\u00fcsioteraapia. Skolioosispetsiifiline ravi. Kinesioteipimine. iWalk2.0 rent\",\"publisher\":{\"@id\":\"https:\\\/\\\/www.fusioterapeutsandra.ee\\\/#organization\"},\"potentialAction\":[{\"@type\":\"SearchAction\",\"target\":{\"@type\":\"EntryPoint\",\"urlTemplate\":\"https:\\\/\\\/www.fusioterapeutsandra.ee\\\/?s={search_term_string}\"},\"query-input\":{\"@type\":\"PropertyValueSpecification\",\"valueRequired\":true,\"valueName\":\"search_term_string\"}}],\"inLanguage\":\"en-US\"},{\"@type\":\"Organization\",\"@id\":\"https:\\\/\\\/www.fusioterapeutsandra.ee\\\/#organization\",\"name\":\"F\u00fcsioterapeut Sandra Joa\",\"url\":\"https:\\\/\\\/www.fusioterapeutsandra.ee\\\/\",\"logo\":{\"@type\":\"ImageObject\",\"inLanguage\":\"en-US\",\"@id\":\"https:\\\/\\\/www.fusioterapeutsandra.ee\\\/#\\\/schema\\\/logo\\\/image\\\/\",\"url\":\"https:\\\/\\\/www.fusioterapeutsandra.ee\\\/wp-content\\\/uploads\\\/2020\\\/10\\\/sandra-logo.png\",\"contentUrl\":\"https:\\\/\\\/www.fusioterapeutsandra.ee\\\/wp-content\\\/uploads\\\/2020\\\/10\\\/sandra-logo.png\",\"width\":1926,\"height\":1926,\"caption\":\"F\u00fcsioterapeut Sandra Joa\"},\"image\":{\"@id\":\"https:\\\/\\\/www.fusioterapeutsandra.ee\\\/#\\\/schema\\\/logo\\\/image\\\/\"}}]}<\/script>\n<!-- \/ Yoast SEO plugin. -->","yoast_head_json":{"title":"Tingimused &#8226; F\u00fcsioterapeut Sandra Joa","robots":{"index":"index","follow":"follow","max-snippet":"max-snippet:-1","max-image-preview":"max-image-preview:large","max-video-preview":"max-video-preview:-1"},"canonical":"https:\/\/fusioterapeutsandra.ee\/en\/tingimused\/","og_locale":"en_US","og_type":"article","og_title":"Tingimused &#8226; F\u00fcsioterapeut Sandra Joa","og_description":"Tingimused Kehtivad alates 27.09.2021 Lepingu s\u00f5lmimine: 1.1 Registreerumine teenusele toimub telefoni (+372 503 7356), e-maili (fysioterapeutsandra@gmail.com) teel v\u00f5i kohapeal (Koidu 70, Tallinn). 1.2 Kliendi registreerimisel teenuse osutamiseks loetakse Asutuse (Sandra O\u00dc) ja Kliendi vahel s\u00f5lmituks teenuse osutamise suuline v\u00f5i kirjalik leping. Teenuse osutamise lepingu alusel on Kliendil \u00f5igus saada teenust registreeritud ajal, kui teenuse osutamine &hellip; Tingimused Read More &raquo;","og_url":"https:\/\/fusioterapeutsandra.ee\/en\/tingimused\/","og_site_name":"F\u00fcsioterapeut Sandra Joa","article_modified_time":"2024-09-19T09:31:07+00:00","twitter_card":"summary_large_image","twitter_misc":{"Est. reading time":"2 minutes"},"schema":{"@context":"https:\/\/schema.org","@graph":[{"@type":"WebPage","@id":"https:\/\/fusioterapeutsandra.ee\/en\/tingimused\/","url":"https:\/\/fusioterapeutsandra.ee\/en\/tingimused\/","name":"Tingimused &#8226; F\u00fcsioterapeut Sandra Joa","isPartOf":{"@id":"https:\/\/www.fusioterapeutsandra.ee\/#website"},"datePublished":"2021-09-27T09:36:48+00:00","dateModified":"2024-09-19T09:31:07+00:00","breadcrumb":{"@id":"https:\/\/fusioterapeutsandra.ee\/en\/tingimused\/#breadcrumb"},"inLanguage":"en-US","potentialAction":[{"@type":"ReadAction","target":["https:\/\/fusioterapeutsandra.ee\/en\/tingimused\/"]}]},{"@type":"BreadcrumbList","@id":"https:\/\/fusioterapeutsandra.ee\/en\/tingimused\/#breadcrumb","itemListElement":[{"@type":"ListItem","position":1,"name":"Home","item":"https:\/\/fusioterapeutsandra.ee\/"},{"@type":"ListItem","position":2,"name":"Tingimused"}]},{"@type":"WebSite","@id":"https:\/\/www.fusioterapeutsandra.ee\/#website","url":"https:\/\/www.fusioterapeutsandra.ee\/","name":"Physiotherapist Sandra Joa","description":"Individuaalne f\u00fcsioteraapia. Skolioosispetsiifiline ravi. Kinesioteipimine. iWalk2.0 rent","publisher":{"@id":"https:\/\/www.fusioterapeutsandra.ee\/#organization"},"potentialAction":[{"@type":"SearchAction","target":{"@type":"EntryPoint","urlTemplate":"https:\/\/www.fusioterapeutsandra.ee\/?s={search_term_string}"},"query-input":{"@type":"PropertyValueSpecification","valueRequired":true,"valueName":"search_term_string"}}],"inLanguage":"en-US"},{"@type":"Organization","@id":"https:\/\/www.fusioterapeutsandra.ee\/#organization","name":"Physiotherapist Sandra Joa","url":"https:\/\/www.fusioterapeutsandra.ee\/","logo":{"@type":"ImageObject","inLanguage":"en-US","@id":"https:\/\/www.fusioterapeutsandra.ee\/#\/schema\/logo\/image\/","url":"https:\/\/www.fusioterapeutsandra.ee\/wp-content\/uploads\/2020\/10\/sandra-logo.png","contentUrl":"https:\/\/www.fusioterapeutsandra.ee\/wp-content\/uploads\/2020\/10\/sandra-logo.png","width":1926,"height":1926,"caption":"F\u00fcsioterapeut Sandra Joa"},"image":{"@id":"https:\/\/www.fusioterapeutsandra.ee\/#\/schema\/logo\/image\/"}}]}},"_links":{"self":[{"href":"https:\/\/fusioterapeutsandra.ee\/en\/wp-json\/wp\/v2\/pages\/1121","targetHints":{"allow":["GET"]}}],"collection":[{"href":"https:\/\/fusioterapeutsandra.ee\/en\/wp-json\/wp\/v2\/pages"}],"about":[{"href":"https:\/\/fusioterapeutsandra.ee\/en\/wp-json\/wp\/v2\/types\/page"}],"author":[{"embeddable":true,"href":"https:\/\/fusioterapeutsandra.ee\/en\/wp-json\/wp\/v2\/users\/1"}],"replies":[{"embeddable":true,"href":"https:\/\/fusioterapeutsandra.ee\/en\/wp-json\/wp\/v2\/comments?post=1121"}],"version-history":[{"count":2,"href":"https:\/\/fusioterapeutsandra.ee\/en\/wp-json\/wp\/v2\/pages\/1121\/revisions"}],"predecessor-version":[{"id":1784,"href":"https:\/\/fusioterapeutsandra.ee\/en\/wp-json\/wp\/v2\/pages\/1121\/revisions\/1784"}],"wp:attachment":[{"href":"https:\/\/fusioterapeutsandra.ee\/en\/wp-json\/wp\/v2\/media?parent=1121"}],"curies":[{"name":"wp","href":"https:\/\/api.w.org\/{rel}","templated":true}]}}